{"id":3037,"date":"2021-12-23T14:53:10","date_gmt":"2021-12-23T13:53:10","guid":{"rendered":"https:\/\/haus-der-familie.be\/?page_id=3037"},"modified":"2021-12-23T14:54:03","modified_gmt":"2021-12-23T13:54:03","slug":"become-a-member","status":"publish","type":"page","link":"https:\/\/haus-der-familie.be\/en\/become-a-member","title":{"rendered":"Become a member"},"content":{"rendered":"<h3>Als F\u00f6rdermitglied<\/h3>\n<ul>\n<li>unterst\u00fctzt du unsere Arbeit f\u00fcr eine gleichberechtigte, solidarische und gerechte Gesellschaft.<\/li>\n<li>erh\u00e4lst du 3x im Jahr unsere Zeitschrift anna-lyse.<\/li>\n<li>erh\u00e4lst du Informationen \u00fcber die Aktivit\u00e4ten des Hauses der Familie.<\/li>\n<li>hast du die M\u00f6glichkeit, dich am internen demokratischen Prozess unserer Bewegung zu beteiligen.<\/li>\n<\/ul>\n<p><strong>Der Hausderfamilie betr\u00e4gt nur 30 \u20ac im Jahr.<\/strong><\/p>\n<h3>Jetzt F\u00f6rdermitglied werden?<\/h3>\n\n<div class=\"wpcf7 no-js\" id=\"wpcf7-f301-o1\" lang=\"de-DE\" dir=\"ltr\" data-wpcf7-id=\"301\">\n<div class=\"screen-reader-response\"><p role=\"status\" aria-live=\"polite\" aria-atomic=\"true\"><\/p> <ul><\/ul><\/div>\n<form action=\"\/en\/wp-json\/wp\/v2\/pages\/3037#wpcf7-f301-o1\" method=\"post\" class=\"wpcf7-form init\" aria-label=\"Kontaktformular\" novalidate=\"novalidate\" data-status=\"init\">\n<fieldset class=\"hidden-fields-container\"><input type=\"hidden\" name=\"_wpcf7\" value=\"301\" \/><input type=\"hidden\" name=\"_wpcf7_version\" value=\"6.1.6\" \/><input type=\"hidden\" name=\"_wpcf7_locale\" value=\"de_DE\" \/><input type=\"hidden\" name=\"_wpcf7_unit_tag\" value=\"wpcf7-f301-o1\" \/><input type=\"hidden\" name=\"_wpcf7_container_post\" value=\"0\" \/><input type=\"hidden\" name=\"_wpcf7_posted_data_hash\" value=\"\" \/>\n<\/fieldset>\n<div class=\"form-rows\">\n\t<div class=\"form-row\">\n\t\t<p><label>Vorname*<\/label><span class=\"wpcf7-form-control-wrap\" data-name=\"vorname\"><input size=\"40\" maxlength=\"400\" class=\"wpcf7-form-control wpcf7-text wpcf7-validates-as-required\" aria-required=\"true\" aria-invalid=\"false\" value=\"\" type=\"text\" name=\"vorname\" \/><\/span>\n\t\t<\/p>\n\t<\/div>\n\t<div class=\"form-row\">\n\t\t<p><label>Nachname*<\/label><span class=\"wpcf7-form-control-wrap\" data-name=\"nachname\"><input size=\"40\" maxlength=\"400\" class=\"wpcf7-form-control wpcf7-text wpcf7-validates-as-required\" aria-required=\"true\" aria-invalid=\"false\" value=\"\" type=\"text\" name=\"nachname\" \/><\/span>\n\t\t<\/p>\n\t<\/div>\n<\/div>\n<div class=\"form-row\">\n\t<p><label>Strasse & Hausnummer*<\/label><span class=\"wpcf7-form-control-wrap\" data-name=\"strasse\"><input size=\"40\" maxlength=\"400\" class=\"wpcf7-form-control wpcf7-text wpcf7-validates-as-required\" aria-required=\"true\" aria-invalid=\"false\" value=\"\" type=\"text\" name=\"strasse\" \/><\/span>\n\t<\/p>\n<\/div>\n<div class=\"form-rows\">\n\t<div class=\"form-row\">\n\t\t<p><label>PLZ*<\/label><span class=\"wpcf7-form-control-wrap\" data-name=\"plz\"><input size=\"40\" maxlength=\"400\" class=\"wpcf7-form-control wpcf7-text wpcf7-validates-as-required\" aria-required=\"true\" aria-invalid=\"false\" value=\"\" type=\"text\" name=\"plz\" \/><\/span>\n\t\t<\/p>\n\t<\/div>\n\t<div class=\"form-row\">\n\t\t<p><label>Ort*<\/label><span class=\"wpcf7-form-control-wrap\" data-name=\"ort\"><input size=\"40\" maxlength=\"400\" class=\"wpcf7-form-control wpcf7-text wpcf7-validates-as-required\" aria-required=\"true\" aria-invalid=\"false\" value=\"\" type=\"text\" name=\"ort\" \/><\/span>\n\t\t<\/p>\n\t<\/div>\n<\/div>\n<div class=\"form-row\">\n\t<p><label>Land*<\/label><span class=\"wpcf7-form-control-wrap\" data-name=\"land\"><input size=\"40\" maxlength=\"400\" class=\"wpcf7-form-control wpcf7-text wpcf7-validates-as-required\" aria-required=\"true\" aria-invalid=\"false\" value=\"\" type=\"text\" name=\"land\" \/><\/span>\n\t<\/p>\n<\/div>\n<hr \/>\n<div class=\"form-rows\">\n\t<div class=\"form-row\">\n\t\t<p><label>E-Mail*<\/label><span class=\"wpcf7-form-control-wrap\" data-name=\"your-email\"><input size=\"40\" maxlength=\"400\" class=\"wpcf7-form-control wpcf7-email wpcf7-validates-as-required wpcf7-text wpcf7-validates-as-email\" aria-required=\"true\" aria-invalid=\"false\" value=\"\" type=\"email\" name=\"your-email\" \/><\/span>\n\t\t<\/p>\n\t<\/div>\n\t<div class=\"form-row\">\n\t\t<p><label>Telefon*<\/label><span class=\"wpcf7-form-control-wrap\" data-name=\"telefon\"><input size=\"40\" maxlength=\"400\" class=\"wpcf7-form-control wpcf7-text wpcf7-validates-as-required\" aria-required=\"true\" aria-invalid=\"false\" value=\"\" type=\"text\" name=\"telefon\" \/><\/span>\n\t\t<\/p>\n\t<\/div>\n<\/div>\n<hr \/>\n<div class=\"form-row form-row--radio\">\n\t<p><span class=\"wpcf7-form-control-wrap\" data-name=\"datenschutz\"><span class=\"wpcf7-form-control wpcf7-acceptance\"><span class=\"wpcf7-list-item\"><label><input type=\"checkbox\" name=\"datenschutz\" value=\"1\" aria-invalid=\"false\" \/><span class=\"wpcf7-list-item-label\">Ich bin mit den <a href=\"\/datenschutz\">Datenschutzbestimmungen<\/a> und der automatischen Verl\u00e4ngerung der Hausderfamilie um ein Jahr (au\u00dfer schriftlicher K\u00fcndigung 3 Monate vor Jahresende) einverstanden.<\/span><\/label><\/span><\/span><\/span>\n\t<\/p>\n<\/div>\n<p><span id=\"wpcf7-6a09fb42ac3e7-wrapper\" class=\"wpcf7-form-control-wrap Alter-wrap\" ><input type=\"hidden\" name=\"Alter-random-hash\" value=\"79055773\"><label\n\t\t    for=\"wpcf7-6a09fb42ac3e7-field\"\n\t\t    class=\"hp-message\"\n        >Bitte lasse dieses Feld leer.<\/label><input\n\t    id=\"wpcf7-6a09fb42ac3e7-field\"\n\t     placeholder=\"Geschlecht\" \n\t    class=\"wpcf7-form-control wpcf7-text\"\n\t    type=\"text\"\n\t    name=\"wxfxboebqihd\"\n\t    value=\"\"\n\t    size=\"40\"\n\t    autocomplete=\"off\"\n\t    tabindex=\"1000\"\n    \/><\/span>\n<\/p>\n<div class=\"form-row\">\n\t<p class=\"aiowps-captcha hide-when-displaying-tfa-input\"><label for=\"aiowps-captcha-answer-6a09fb42a8f07\">Please enter an answer in digits:<\/label>\n\t<\/p>\n\t<div class=\"aiowps-captcha-equation hide-when-displaying-tfa-input\">\n\t\t<p><strong>two &#43; fourteen = <input type=\"hidden\" name=\"aiowps-captcha-string-info\" class=\"aiowps-captcha-string-info\" value=\"e5tsavt6bo\" \/><input type=\"hidden\" name=\"aiowps-captcha-temp-string\" class=\"aiowps-captcha-temp-string\" value=\"1779039042\" \/><input type=\"text\" size=\"2\" id=\"aiowps-captcha-answer-6a09fb42a8f07\" class=\"aiowps-captcha-answer\" name=\"aiowps-captcha-answer\" value=\"\" autocomplete=\"off\" \/><\/strong>\n\t\t<\/p>\n\t<\/div>\n\t<p><span class='wpcf7-form-control-wrap' data-name='aiowps-captcha'><\/span><input class=\"wpcf7-form-control wpcf7-submit has-spinner btn\" type=\"submit\" value=\"Jetzt F\u00f6rdermitglied werden!\" \/>\n\t<\/p>\n<\/div>\n<p><br \/>\nBitte \u00fcberweise den Beitrag auf folgendes Konto\n<\/p>\n<p>IBAN: BE04 7360 5497 6331\n<\/p>\n<p>BIC: KREDBEBB\n<\/p>\n<p><em><small>* Pflichtfeld<\/small><\/em>\n<\/p><div class=\"wpcf7-response-output\" aria-hidden=\"true\"><\/div>\n<\/form>\n<\/div>\n\n","protected":false},"excerpt":{"rendered":"Als F\u00f6rdermitglied unterst\u00fctzt du unsere Arbeit f\u00fcr eine gleichberechtigte, solidarische und gerechte Gesellschaft. erh\u00e4lst du 3x im Jahr unsere Zeitschrift anna-lyse. erh\u00e4lst du Informationen \u00fcber die Aktivit\u00e4ten des Hauses der Familie. hast du die M\u00f6glichkeit, dich am internen demokratischen Prozess unserer Bewegung zu beteiligen. Der Hausderfamilie betr\u00e4gt nur 30 \u20ac im Jahr. Jetzt F\u00f6rdermitglied werden?","protected":false},"author":2,"featured_media":0,"parent":0,"menu_order":23,"comment_status":"closed","ping_status":"closed","template":"default.php","meta":{"_acf_changed":false,"footnotes":""},"class_list":["post-3037","page","type-page","status-publish","hentry"],"acf":[],"_links":{"self":[{"href":"https:\/\/haus-der-familie.be\/en\/wp-json\/wp\/v2\/pages\/3037","targetHints":{"allow":["GET"]}}],"collection":[{"href":"https:\/\/haus-der-familie.be\/en\/wp-json\/wp\/v2\/pages"}],"about":[{"href":"https:\/\/haus-der-familie.be\/en\/wp-json\/wp\/v2\/types\/page"}],"author":[{"embeddable":true,"href":"https:\/\/haus-der-familie.be\/en\/wp-json\/wp\/v2\/users\/2"}],"replies":[{"embeddable":true,"href":"https:\/\/haus-der-familie.be\/en\/wp-json\/wp\/v2\/comments?post=3037"}],"version-history":[{"count":2,"href":"https:\/\/haus-der-familie.be\/en\/wp-json\/wp\/v2\/pages\/3037\/revisions"}],"predecessor-version":[{"id":3043,"href":"https:\/\/haus-der-familie.be\/en\/wp-json\/wp\/v2\/pages\/3037\/revisions\/3043"}],"wp:attachment":[{"href":"https:\/\/haus-der-familie.be\/en\/wp-json\/wp\/v2\/media?parent=3037"}],"curies":[{"name":"wp","href":"https:\/\/api.w.org\/{rel}","templated":true}]}}