{"id":1119,"date":"2020-07-13T17:18:59","date_gmt":"2020-07-13T15:18:59","guid":{"rendered":"http:\/\/hausderfamilie.cloth.be\/?page_id=1119"},"modified":"2024-05-22T13:23:01","modified_gmt":"2024-05-22T11:23:01","slug":"vie-feminine","status":"publish","type":"page","link":"https:\/\/haus-der-familie.be\/fr","title":{"rendered":"La maison des familles"},"content":{"rendered":"<p><strong>D\u00e9sireuse de s&rsquo;adresser \u00e0 tous les types de familles &#8211; isol\u00e9es socialement, disparates, monoparentales, avec ou sans grands-parents &#8211; ainsi que les differentes g\u00e9n\u00e9rations, la frauenliga a fond\u00e9 la maison des familles \u00e0 La Calamine, dans le but de cr\u00e9er un point de rencontre pour les familles, dans le but de s&rsquo;unir sous un m\u00eame toit.<\/strong><\/p>\n<p>La maison des familles est un point de rencontre social de la communaut\u00e9 germanophone et existe depuis 2008. Notre maison se trouve \u00e0 la Patronagestrasse, dans l&rsquo;ancien b\u00e2timent du JAZ. Beaucoup de travail et d&rsquo;attention aux d\u00e9tails ont transform\u00e9 les vieux murs en un lieu convivial et lumineux, plein de vie \u00e0 travers une vari\u00e9t\u00e9 d&rsquo;activit\u00e9s.<\/p>\n<p>En mati\u00e8re de garde d&rsquo;enfants, nous offrons la possibilit\u00e9 de visiter l espace parents-enfants ou d&rsquo;inscrire son enfants \u00e0 la garderie.<\/p>\n<p>Il est important pour nous d&rsquo;offrir aux enfants un cadre de s\u00e9curit\u00e9 avec des processus familiers afin qu&rsquo;ils puissent s&rsquo;installer rapidement et se sentir \u00e0 l&rsquo;aise tout de suite.<\/p>\n<p>De plus, divers cours sont offerts dans la maison des familles . Il y a toujours de nouvelles offres, selon les besoins.<\/p>\n<p>La maison des familles travaille principalement avec des b\u00e9n\u00e9voles. Il y a actuellement une trentaine de b\u00e9n\u00e9voles impliqu\u00e9s dans les diff\u00e9rents groupes.<\/p>\n<p>Pleins de nouvelles choses se passent ici, donc si vous voulez en savoir plus, venez nous voir.<\/p>\n","protected":false},"excerpt":{"rendered":"D\u00e9sireuse de s&rsquo;adresser \u00e0 tous les types de familles &#8211; isol\u00e9es socialement, disparates, monoparentales, avec ou sans grands-parents &#8211; ainsi que les differentes g\u00e9n\u00e9rations, la frauenliga a fond\u00e9 la maison des familles \u00e0 La Calamine, dans le but de cr\u00e9er un point de rencontre pour les familles, dans le but de s&rsquo;unir sous un m\u00eame&nbsp;&hellip;&nbsp;","protected":false},"author":2,"featured_media":0,"parent":0,"menu_order":1,"comment_status":"closed","ping_status":"closed","template":"homepage.php","meta":{"_acf_changed":false,"footnotes":""},"class_list":["post-1119","page","type-page","status-publish","hentry"],"acf":[],"_links":{"self":[{"href":"https:\/\/haus-der-familie.be\/fr\/wp-json\/wp\/v2\/pages\/1119","targetHints":{"allow":["GET"]}}],"collection":[{"href":"https:\/\/haus-der-familie.be\/fr\/wp-json\/wp\/v2\/pages"}],"about":[{"href":"https:\/\/haus-der-familie.be\/fr\/wp-json\/wp\/v2\/types\/page"}],"author":[{"embeddable":true,"href":"https:\/\/haus-der-familie.be\/fr\/wp-json\/wp\/v2\/users\/2"}],"replies":[{"embeddable":true,"href":"https:\/\/haus-der-familie.be\/fr\/wp-json\/wp\/v2\/comments?post=1119"}],"version-history":[{"count":15,"href":"https:\/\/haus-der-familie.be\/fr\/wp-json\/wp\/v2\/pages\/1119\/revisions"}],"predecessor-version":[{"id":3474,"href":"https:\/\/haus-der-familie.be\/fr\/wp-json\/wp\/v2\/pages\/1119\/revisions\/3474"}],"wp:attachment":[{"href":"https:\/\/haus-der-familie.be\/fr\/wp-json\/wp\/v2\/media?parent=1119"}],"curies":[{"name":"wp","href":"https:\/\/api.w.org\/{rel}","templated":true}]}}